{"id":267,"date":"2011-09-14T14:03:14","date_gmt":"2011-09-14T14:03:14","guid":{"rendered":"http:\/\/www.futurewater.nl\/kad\/?page_id=267"},"modified":"2013-04-22T10:10:02","modified_gmt":"2013-04-22T10:10:02","slug":"3-onderzoek-landelijke-geschiktheid","status":"publish","type":"page","link":"https:\/\/www.futurewater.nl\/kad\/werkpakketten\/3-onderzoek-landelijke-geschiktheid\/","title":{"rendered":"3: Onderzoek landelijke geschiktheid"},"content":{"rendered":"<p>\nIn het kader van fase 1 de haalbaarheidsstudie is een eerste kwantitatieve inschatting gemaakt van de totale oppervlakte land waarvoor KlimaatAdaptieve Drainage geschikt zou zijn. In werkpakket 3 van fase 2 hebben we een kwantitatieve bepaling uitgevoerd gebaseerd op huidige en toekomstige wateroverlast bij veranderend klimaat, bovenstroomse gebieden, drooglegging, maaiveldhoogte, bodemsoort\/opbouw en grondgebruik. Resultaat hiervan is een geschiktheidskaart voor Nederland voor toepassing van KlimaatAdaptieve Drainage. We werkten daarbij nauw samen met Alterra\/WUR. We hebben daarbij conventionele drainage, samengestelde peilgestuurde drainage en KAD in ogenschouw genomen.\n<\/p>\n<p>\nWe werkten allereerst de geschiktheid voor KAD uit van combinaties van bodem en hydrologie. Daarna bepaalden we de landbouwkundige behoefte aan drainage, daarbij onderscheid makend tussen de drie genoemde drainagesystemen. Vervolgens combineerden we het resultaat met de behoefte van waterschappen aan KAD als maatregel tegen benedenstroomse wateroverlast, nu en in de toekomst.\n<\/p>\n<p>\nOp 11 oktober 2012 organiseerde STOWA het Eindsymposium Samengestelde Peilgestuurde Drainage. Daar presenteerden we een poster met de tussentijdse resultaten voor KAD als middel tegen wateroverlast. Deze poster kan gevonden worden via onderstaande link:<\/p>\n<p><a href=\"https:\/\/www.futurewater.nl\/kad\/wp-content\/uploads\/2012\/10\/KAD_WP3_eindsymposium_PGD_20121011.pdf\" target=\"_blank\">Poster KAD als middel tegen wateroverlast: kaarten op nationale schaal<\/a>\n<\/p>\n<p>\nWe hebben de geschiktheid van KAD als middel tegen wateroverlast en voor waterconservering ingeschat voor heel Nederland. Uitgangspunten hierbij waren dat er beleidsmatig behoefte moet zijn aan KAD om wateroverlast te bestrijden, dat bodem en hydrologie toepassing van KAD mogelijk maken en dat er behoefte is aan KAD vanuit de landbouw. Het landbouwareaal in Nederland beslaat ongeveer 1.900.000 ha. Op basis van onze analyse heeft 60 \u00e0 65% hiervan behoefte aan drainage, geredeneerd vanuit de eisen die gewassen aan de lokale waterhuishouding stellen.\n<\/p>\n<p>\nOf KAD een geschikt ontwateringsmiddel is hangt af van bodem en hydrologie ter plekke. We hebben een aantal factoren benoemd, met een deel als attendering, die de geschiktheid bepalen: klei aanwezig ter hoogte van de drainagebuizen, keileem in de ondiepe ondergrond, verstopping van drainage door ijzerneerslag, wegzijging naar regionale grondwater of een te geringe drooglegging. Ruim de helft, i.c. 55 \u00e0 60% van het landbouwareaal in Nederland dat behoefte heeft aan drainage, is geschikt voor de toepassing van KAD.\n<\/p>\n<p>\nAls we behoefte aan en geschiktheid voor KAD combineren springen een aantal regio\u2019s en gebieden in Nederland eruit, te weten de IJsselmeerpolders, Zuidhollandse en Zeeuwse eilanden, de kustgebieden in Friesland en Groningen, delen van het rivierengebied en de beekdalen in de zandgebieden. Ook in diepe droogmakerijen biedt KAD kansen voor oplossingen.\n<\/p>\n<p>\nDe beleidsmatige opgave voor wateroverlast is door waterbeheerders in Nederland structureel opgezet en bepaald in 2006 in het kader van het Nationaal Bestuursakkoord Water (NBW). Hiervoor zijn ook scenario\u2019s toegepast van het KNMI inzake klimaatverandering. In het kader van de Klimaatatlas zijn in 2010 landsdekkend uniforme berekeningen uitgevoerd ter bepaling van wateroverlast-kaarten. Wanneer we de kaarten uit die exercitie toepassen om te bepalen of KAD een oplossing kan bieden voor wateroverlast, dan ontstaan zoekgebieden waarbinnen nader onderzocht moet worden waar de exacte locaties voor KAD precies liggen. Voorbeelden van deze gebieden zijn het rivierengebied, delen van Zeeland, Flevoland, diepe droogmakerijen en beekdalen. Hiermee is een areaal gemoeid van ongeveer 500.000 ha, overeenkomend met 25 \u00e0 30% van het landbouwkundig areaal volgens de Basis Registratie Percelen (BRP) van de Dienst Regelingen. Natuurlijk zullen aanvullende factoren en criteria de geschiktheid voor KAD negatief kunnen be\u00efnvloeden, en daarmee het areaal verkleinen. Wegzijging naar het regionale grondwater is \u00e9\u00e9n van die factoren. Deze factoren zullen naar verwachting het areaal reduceren, waarna een oppervlakte van 100 \u00e0 200.000 ha overblijft waarvoor KAD een geschikte maatregel is.\n<\/p>\n<p>\nVoor de rapportage van Werkpakket 3, zie beneden.\n<\/p>\n<h3>Rapport<\/h3>\n<p><a href=\"\/kad\/wp-content\/uploads\/2013\/04\/KAD_WP3_landelijke_geschiktheid_20130207.pdf\" target=\"_blank\">Bakel, P.J.T. van,<strong> G.A.P.H. van den Eertwegh<\/strong>, H. Massop,<strong> J. Brandsma<\/strong>. 2013. KlimaatAdaptieve Drainage: landelijke geschiktheid van conventionele, samengestelde peilgestuurde drainage en KAD. Eindrapportage Werkpakket 3: Landelijke geschiktheid. FutureWater rapport 118.<\/a><\/p>\n","protected":false},"excerpt":{"rendered":"<p>In het kader van fase 1 de haalbaarheidsstudie is een eerste kwantitatieve inschatting gemaakt van de totale oppervlakte land waarvoor KlimaatAdaptieve Drainage geschikt zou zijn. In werkpakket 3 van fase 2 hebben we een kwantitatieve bepaling uitgevoerd gebaseerd op huidige en toekomstige wateroverlast bij veranderend klimaat, bovenstroomse gebieden, drooglegging, maaiveldhoogte, bodemsoort\/opbouw en grondgebruik. Resultaat hiervan [&hellip;]<\/p>\n","protected":false},"author":1,"featured_media":0,"parent":293,"menu_order":0,"comment_status":"closed","ping_status":"open","template":"","meta":{"footnotes":""},"class_list":["post-267","page","type-page","status-publish","hentry"],"_links":{"self":[{"href":"https:\/\/www.futurewater.nl\/kad\/wp-json\/wp\/v2\/pages\/267","targetHints":{"allow":["GET"]}}],"collection":[{"href":"https:\/\/www.futurewater.nl\/kad\/wp-json\/wp\/v2\/pages"}],"about":[{"href":"https:\/\/www.futurewater.nl\/kad\/wp-json\/wp\/v2\/types\/page"}],"author":[{"embeddable":true,"href":"https:\/\/www.futurewater.nl\/kad\/wp-json\/wp\/v2\/users\/1"}],"replies":[{"embeddable":true,"href":"https:\/\/www.futurewater.nl\/kad\/wp-json\/wp\/v2\/comments?post=267"}],"version-history":[{"count":13,"href":"https:\/\/www.futurewater.nl\/kad\/wp-json\/wp\/v2\/pages\/267\/revisions"}],"predecessor-version":[{"id":674,"href":"https:\/\/www.futurewater.nl\/kad\/wp-json\/wp\/v2\/pages\/267\/revisions\/674"}],"up":[{"embeddable":true,"href":"https:\/\/www.futurewater.nl\/kad\/wp-json\/wp\/v2\/pages\/293"}],"wp:attachment":[{"href":"https:\/\/www.futurewater.nl\/kad\/wp-json\/wp\/v2\/media?parent=267"}],"curies":[{"name":"wp","href":"https:\/\/api.w.org\/{rel}","templated":true}]}}