{"id":125,"date":"2010-10-08T09:02:15","date_gmt":"2010-10-08T09:02:15","guid":{"rendered":"http:\/\/www.futurewater.nl\/kad\/?page_id=125"},"modified":"2012-03-19T15:07:52","modified_gmt":"2012-03-19T15:07:52","slug":"fase-1-2","status":"publish","type":"page","link":"https:\/\/www.futurewater.nl\/kad\/het-project\/fase-1-2\/","title":{"rendered":"Fase 1: Haalbaarheidsonderzoek"},"content":{"rendered":"<h2><strong>Vraagstelling:<\/strong><\/h2>\n<p>De centrale vraag tijdens het haalbaarheidsonderzoek was:<em> &#8220;Bestaat er onder waterschappen en agrari<\/em><em>\u00ebrs behoefte aan Klimaat adaptieve Drainage en is het systeem technisch, bestuurlijk en financieel haalbaar en commercieel aantrekkelijk voor het consortium?&#8221;<\/em><\/p>\n<h2><strong>Conclusies en vervolg:<\/strong><\/h2>\n<p>Het haalbaarheidsonderzoek is inmiddels afgerond en het is gebleken dat Klimaat adaptieve Drainage technisch, bestuurlijk en financieel haalbaar is, en commercieel aantrekkelijk is voor het consortium. Samenvattend kan geconcludeerd worden dat:<\/p>\n<ul>\n<li>Waterbeheerders zien Klimaat adaptieve Drainage als een uitermate effectieve maatregel om toenemende piekafvoeren als gevolg van klimaatverandering te reduceren. Het meerendeel van de ge\u00efnterviewde waterbeheerders heeft ook aangegeven mee te willen doen aan een eventueel vervolgtraject;<\/li>\n<li>Agrari\u00ebrs hebben in interviews ook aangegeven zeker mee te willen werken aan Klimaat adaptieve drainage, waarbij voor hen de te verwachte extra droogte als gevolg van klimaatverandering geheel of gedeeltelijk teniet gedaan kan worden;<\/li>\n<li>Het gehele systeem van Klimaat adaptieve Drainage is hydrologisch-technisch realistisch en levert een wezenlijke bijdrage aan het terugdringen van de te verwachte extra piekafvoeren als gevolg van klimaatverandering;<\/li>\n<\/ul>\n<ul>\n<li>De werkelijke bouw van het systeem, bestaande uit een regelput en de volledige op afstand bestuurbaarheid en meetbaarheid, is mogelijk. Enkele voorontwerpen zijn gemaakt en kunnen gebouwd en ingezet worden;<\/li>\n<li>De financi\u00eble analyse laat zien dat klimaatadaptieve drainage commercieel ingezet kan worden. Voor een volledig systeem binnen een bepaald gebied, bestaande uit \u00e9\u00e9n waterbeheerder en ongeveer 50 tot 100 agrari\u00ebrs, zijn de kosten tussen de \u20ac 100 en 190 duizend per jaar en de baten tussen de \u20ac 190 en 270 duizend. Het netto resultaat bedraagt tussen de \u20ac 90 en 180 duizend per jaar;<\/li>\n<\/ul>\n<ul>\n<li> Een voorlopige schatting is dat bij ongeveer de helft van de waterbeheerders (waterschappen) geschikte gebieden liggen voor klimaatadaptieve drainage. Bij elk van deze waterschappen zullen er tussen de 5 en 20 geschikte klimaatadaptieve drainage gebieden te vinden zijn, dus een eerste globale schatting ligt tussen de 65 en 260 gebieden;<\/li>\n<\/ul>\n<p>Onderstaand figuur geeft de kosten-baten analyse weer als functie van het aantal deelnemende agrari\u00ebrs. Daarbij is uitgegaan van 50 ha per agrari\u00ebr.<\/p>\n<p><a href=\"https:\/\/www.futurewater.nl\/kad\/wp-content\/uploads\/2010\/10\/website_graph16.bmp\"><img loading=\"lazy\" decoding=\"async\" class=\"alignleft size-full wp-image-166\" title=\"Kosten-baten analyse als functie van aantal deelnemende agrariers (uitgaande van 50 ha per agrarier)\" src=\"https:\/\/www.futurewater.nl\/kad\/wp-content\/uploads\/2010\/10\/website_graph16.bmp\" alt=\"\" width=\"764\" height=\"466\" \/><\/a><\/p>\n<p><em>Figuur: Kosten- baten analyse van de deelnemende agrari\u00ebrs (futurewater, 2011)<br \/>\n<\/em><\/p>\n","protected":false},"excerpt":{"rendered":"<p>Vraagstelling: De centrale vraag tijdens het haalbaarheidsonderzoek was: &#8220;Bestaat er onder waterschappen en agrari\u00ebrs behoefte aan Klimaat adaptieve Drainage en is het systeem technisch, bestuurlijk en financieel haalbaar en commercieel aantrekkelijk voor het consortium?&#8221; Conclusies en vervolg: Het haalbaarheidsonderzoek is inmiddels afgerond en het is gebleken dat Klimaat adaptieve Drainage technisch, bestuurlijk en financieel haalbaar [&hellip;]<\/p>\n","protected":false},"author":1,"featured_media":0,"parent":100,"menu_order":10,"comment_status":"closed","ping_status":"closed","template":"","meta":{"footnotes":""},"class_list":["post-125","page","type-page","status-publish","hentry"],"_links":{"self":[{"href":"https:\/\/www.futurewater.nl\/kad\/wp-json\/wp\/v2\/pages\/125","targetHints":{"allow":["GET"]}}],"collection":[{"href":"https:\/\/www.futurewater.nl\/kad\/wp-json\/wp\/v2\/pages"}],"about":[{"href":"https:\/\/www.futurewater.nl\/kad\/wp-json\/wp\/v2\/types\/page"}],"author":[{"embeddable":true,"href":"https:\/\/www.futurewater.nl\/kad\/wp-json\/wp\/v2\/users\/1"}],"replies":[{"embeddable":true,"href":"https:\/\/www.futurewater.nl\/kad\/wp-json\/wp\/v2\/comments?post=125"}],"version-history":[{"count":31,"href":"https:\/\/www.futurewater.nl\/kad\/wp-json\/wp\/v2\/pages\/125\/revisions"}],"predecessor-version":[{"id":345,"href":"https:\/\/www.futurewater.nl\/kad\/wp-json\/wp\/v2\/pages\/125\/revisions\/345"}],"up":[{"embeddable":true,"href":"https:\/\/www.futurewater.nl\/kad\/wp-json\/wp\/v2\/pages\/100"}],"wp:attachment":[{"href":"https:\/\/www.futurewater.nl\/kad\/wp-json\/wp\/v2\/media?parent=125"}],"curies":[{"name":"wp","href":"https:\/\/api.w.org\/{rel}","templated":true}]}}